{"id":114,"date":"2020-06-01T15:03:15","date_gmt":"2020-06-01T13:03:15","guid":{"rendered":"http:\/\/www.herzognetwork.de\/wordpress\/?page_id=114"},"modified":"2023-07-15T14:09:52","modified_gmt":"2023-07-15T12:09:52","slug":"in-progress","status":"publish","type":"page","link":"http:\/\/www.herzognetwork.de\/wordpress\/","title":{"rendered":"\u2022"},"content":{"rendered":"<p><img loading=\"lazy\" class=\"wp-image-42 alignnone\" src=\"http:\/\/www.herzognetwork.de\/wordpress\/wp-content\/uploads\/2014\/09\/Lavinia-Herzog_Y8C9490-ks.jpeg\" alt=\"\" width=\"243\" height=\"243\" srcset=\"http:\/\/www.herzognetwork.de\/wordpress\/wp-content\/uploads\/2014\/09\/Lavinia-Herzog_Y8C9490-ks.jpeg 436w, http:\/\/www.herzognetwork.de\/wordpress\/wp-content\/uploads\/2014\/09\/Lavinia-Herzog_Y8C9490-ks-150x150.jpeg 150w, http:\/\/www.herzognetwork.de\/wordpress\/wp-content\/uploads\/2014\/09\/Lavinia-Herzog_Y8C9490-ks-300x300.jpeg 300w\" sizes=\"(max-width: 243px) 100vw, 243px\" \/><\/p>\n<p><strong>Dr. Lavinia Herzog, <\/strong><\/p>\n<p>Doktor in Umwelttechnologie Design, doctor europaeus, Dipl.Ing. Architektin und M.Sc. Landschaftsarchitektin.<\/p>\n<p>Meine Promotion im Bereich Umwelt Architektur Technologie untersucht den visuellen Einfluss von Gr\u00fcnen Fassaden auf die Menschen im Inneren des Geb\u00e4udes.<br \/>\nDas Verfolgen dieser Thematik ist eine organische Entwicklung aus meinem Interesse f\u00fcr Biologie, Technik, Geomantie, Design, Gesundheit und die gegenseitige Beeinflussung dieser verschiedenen Aspekte.<br \/>\nMeine Neugier beruht auf meiner Kenntnis in verschiedensten &#8211; teils scheinbar gegens\u00e4tzlichen &#8211; Themenbereichen und der Erkenntnis das Wissen und Wissenschaft nie endlich ist.<\/p>\n<p>__<\/p>\n<p><em><strong>Dr. Lavinia Herzog<\/strong><\/em><\/p>\n<p><em>PhD in environmental technological design, doctor europaeus, Dipl.Ing. Architect and M.Sc. landscape architect.<\/em><\/p>\n<p><em>My PhD thesis in the field of environmental architecture technology examines the visual impact of green facades on the people inside the building.<\/em><br \/>\n<em>Pursuing this topic is an organic development from my interest in biology, engineering, geomancy, design, health and how these different aspects influence each other.<\/em><br \/>\n<em>My curiosity is based on my knowledge of a wide variety of &#8211; sometimes seemingly contradictory &#8211; subject areas and the knowledge that knowledge and science is never finite.<\/em><\/p>\n","protected":false},"excerpt":{"rendered":"<p>Dr. Lavinia Herzog, Doktor in Umwelttechnologie Design, doctor europaeus, Dipl.Ing. Architektin und M.Sc. Landschaftsarchitektin. Meine Promotion im Bereich Umwelt Architektur Technologie untersucht den visuellen Einfluss von Gr\u00fcnen Fassaden auf die Menschen im Inneren des Geb\u00e4udes. Das Verfolgen dieser Thematik ist eine organische Entwicklung aus meinem Interesse f\u00fcr Biologie, Technik, Geomantie, Design, Gesundheit und die gegenseitige [&hellip;]<\/p>\n","protected":false},"author":1,"featured_media":0,"parent":0,"menu_order":0,"comment_status":"closed","ping_status":"closed","template":"page-templates\/front-page.php","meta":[],"_links":{"self":[{"href":"http:\/\/www.herzognetwork.de\/wordpress\/index.php?rest_route=\/wp\/v2\/pages\/114"}],"collection":[{"href":"http:\/\/www.herzognetwork.de\/wordpress\/index.php?rest_route=\/wp\/v2\/pages"}],"about":[{"href":"http:\/\/www.herzognetwork.de\/wordpress\/index.php?rest_route=\/wp\/v2\/types\/page"}],"author":[{"embeddable":true,"href":"http:\/\/www.herzognetwork.de\/wordpress\/index.php?rest_route=\/wp\/v2\/users\/1"}],"replies":[{"embeddable":true,"href":"http:\/\/www.herzognetwork.de\/wordpress\/index.php?rest_route=%2Fwp%2Fv2%2Fcomments&post=114"}],"version-history":[{"count":19,"href":"http:\/\/www.herzognetwork.de\/wordpress\/index.php?rest_route=\/wp\/v2\/pages\/114\/revisions"}],"predecessor-version":[{"id":202,"href":"http:\/\/www.herzognetwork.de\/wordpress\/index.php?rest_route=\/wp\/v2\/pages\/114\/revisions\/202"}],"wp:attachment":[{"href":"http:\/\/www.herzognetwork.de\/wordpress\/index.php?rest_route=%2Fwp%2Fv2%2Fmedia&parent=114"}],"curies":[{"name":"wp","href":"https:\/\/api.w.org\/{rel}","templated":true}]}}