{"id":10,"date":"2014-09-25T16:16:48","date_gmt":"2014-09-25T14:16:48","guid":{"rendered":"http:\/\/www.herzognetwork.de\/?page_id=10"},"modified":"2022-08-09T11:57:10","modified_gmt":"2022-08-09T09:57:10","slug":"welcome","status":"publish","type":"page","link":"http:\/\/www.herzognetwork.de\/wordpress\/?page_id=10","title":{"rendered":"Arbeit \u2022 Work"},"content":{"rendered":"<p>Meine Arbeit besch\u00e4ftigt sich mit der Balance zwischen Alt und Neu, Natur und Kunst, Materie und Raum.<br \/>\n<b><\/b><br \/>\nDas Hinterfragen und W\u00fcrdigen von Althergebrachtem, der Respekt vor dem Ort, der Umwelt und den Ressourcen dient mir zur Entwicklung von Zukunftsperspektiven und zur Schaffung von Innovationen.<br \/>\nEs gilt Pole zu verbinden bei der Planung von r\u00e4umlichen Strukturen im Hoch- und Landschaftsbau, in der \u00dcberlappung von Freiraum mit gebauter Architektur und im Spannungsfeld zwischen umbauten Raum und sich ver\u00e4nderndem Raum.<br \/>\n<b><\/b><br \/>\nWerkzeuge f\u00fcr die Umsetzung sind fundiertes Wissen und Aufgeschlossenheit in allen Arbeitsbereichen sowie die Diskussion im interdisziplin\u00e4ren Team bestehend aus Experten, Laien, Fachplanern oder Auftraggebern.<br \/>\n<b><\/b><br \/>\nDas Erreichen eines Einklangs auf allen zug\u00e4nglichen Ebenen schafft Kongruenz von Notwendigkeit und \u00e4sthetischem Anspruch.<\/p>\n<p>Die Arbeit mit sichtbaren und unsichtbaren Strukturen, die Verschr\u00e4nkung von Inhalten, Bed\u00fcrfnissen und Konsequenzen und das Verbinden von vermeintlichen Gegens\u00e4tzen ist meine Leidenschaft.<\/p>\n","protected":false},"excerpt":{"rendered":"<p>Meine Arbeit besch\u00e4ftigt sich mit der Balance zwischen Alt und Neu, Natur und Kunst, Materie und Raum. Das Hinterfragen und W\u00fcrdigen von Althergebrachtem, der Respekt vor dem Ort, der Umwelt und den Ressourcen dient mir zur Entwicklung von Zukunftsperspektiven und zur Schaffung von Innovationen. Es gilt Pole zu verbinden bei der Planung von r\u00e4umlichen Strukturen [&hellip;]<\/p>\n","protected":false},"author":1,"featured_media":0,"parent":0,"menu_order":0,"comment_status":"closed","ping_status":"closed","template":"page-templates\/full-width.php","meta":[],"_links":{"self":[{"href":"http:\/\/www.herzognetwork.de\/wordpress\/index.php?rest_route=\/wp\/v2\/pages\/10"}],"collection":[{"href":"http:\/\/www.herzognetwork.de\/wordpress\/index.php?rest_route=\/wp\/v2\/pages"}],"about":[{"href":"http:\/\/www.herzognetwork.de\/wordpress\/index.php?rest_route=\/wp\/v2\/types\/page"}],"author":[{"embeddable":true,"href":"http:\/\/www.herzognetwork.de\/wordpress\/index.php?rest_route=\/wp\/v2\/users\/1"}],"replies":[{"embeddable":true,"href":"http:\/\/www.herzognetwork.de\/wordpress\/index.php?rest_route=%2Fwp%2Fv2%2Fcomments&post=10"}],"version-history":[{"count":3,"href":"http:\/\/www.herzognetwork.de\/wordpress\/index.php?rest_route=\/wp\/v2\/pages\/10\/revisions"}],"predecessor-version":[{"id":169,"href":"http:\/\/www.herzognetwork.de\/wordpress\/index.php?rest_route=\/wp\/v2\/pages\/10\/revisions\/169"}],"wp:attachment":[{"href":"http:\/\/www.herzognetwork.de\/wordpress\/index.php?rest_route=%2Fwp%2Fv2%2Fmedia&parent=10"}],"curies":[{"name":"wp","href":"https:\/\/api.w.org\/{rel}","templated":true}]}}